{"id":5,"date":"2022-04-08T10:48:46","date_gmt":"2022-04-08T08:48:46","guid":{"rendered":"http:\/\/broceliande-nettoyage.fr\/?page_id=5"},"modified":"2022-04-22T11:00:26","modified_gmt":"2022-04-22T09:00:26","slug":"creez-votre-site-avec-des-blocs","status":"publish","type":"page","link":"https:\/\/broceliande-nettoyage.fr\/","title":{"rendered":""},"content":{"rendered":"\n<p class=\"has-text-align-center has-vivid-cyan-blue-color has-text-color has-large-font-size\"><strong>Besoin des services d&#8217;une soci\u00e9t\u00e9 de nettoyage ?<\/strong><\/p>\n\n\n\n<h2 class=\"has-text-align-center has-vivid-cyan-blue-color has-text-color wp-block-heading\">Faites appel \u00e0 un SP\u00c9CIALISTE de l&#8217;hygi\u00e8ne des locaux<\/h2>\n\n\n\n<div class=\"wp-block-columns alignwide are-vertically-aligned-center is-style-twentytwentyone-columns-overlap is-layout-flex wp-container-core-columns-is-layout-9d6595d7 wp-block-columns-is-layout-flex\">\n<div class=\"wp-block-column is-vertically-aligned-center is-layout-flow wp-block-column-is-layout-flow\"><\/div>\n\n\n\n<div class=\"wp-block-column is-vertically-aligned-center is-layout-flow wp-block-column-is-layout-flow\"><\/div>\n<\/div>\n\n\n\n<div class=\"wp-block-columns alignwide are-vertically-aligned-top is-layout-flex wp-container-core-columns-is-layout-9d6595d7 wp-block-columns-is-layout-flex\">\n<div class=\"wp-block-column is-vertically-aligned-top is-layout-flow wp-block-column-is-layout-flow\">\n<h3 class=\"has-text-align-center has-vivid-green-cyan-color has-text-color wp-block-heading\">UNE ENTREPRISE LOCALE DE NETTOYAGE PROFESSIONNEL<\/h3>\n\n\n\n<p class=\"has-text-align-center\">Le nettoyage des locaux peut parfois \u00eatre complexe \u00e0 organiser, raison pour laquelle il est pr\u00e9f\u00e9rable et g\u00e9n\u00e9ralement bien plus int\u00e9ressant d&#8217;en confier la charge \u00e0 une entreprise de nettoyage sp\u00e9cialis\u00e9e<\/p>\n<\/div>\n\n\n\n<div class=\"wp-block-column is-vertically-aligned-top is-layout-flow wp-block-column-is-layout-flow\">\n<h3 class=\"has-text-align-center has-vivid-green-cyan-color has-text-color wp-block-heading\">LES AVANTAGES<\/h3>\n\n\n\n<p class=\"has-text-align-center has-white-color has-vivid-green-cyan-background-color has-text-color has-background\" style=\"font-size:15px\"><strong>RAPIDIT\u00c9 &amp; EFFICACIT\u00c9<\/strong><\/p>\n\n\n\n<p class=\"has-text-align-center has-white-color has-vivid-green-cyan-background-color has-text-color has-background has-small-font-size\"><strong>D\u00c9SINFECTION DES ZONES SENSIBLES<\/strong><\/p>\n\n\n\n<p class=\"has-text-align-center has-white-color has-vivid-green-cyan-background-color has-text-color has-background has-small-font-size\"><strong>PRESTATION ADAPT\u00c9E A VOS BESOINS<\/strong><\/p>\n\n\n\n<p class=\"has-text-align-center has-white-color has-vivid-green-cyan-background-color has-text-color has-background has-small-font-size\"><strong>PRODUITS NETTOYANTS ECO LABEL<\/strong><\/p>\n\n\n\n<p class=\"has-text-align-center has-white-color has-vivid-green-cyan-background-color has-text-color has-background has-small-font-size\"><strong>GAIN DE TEMPS<\/strong><\/p>\n\n\n\n<p class=\"has-text-align-center has-white-color has-vivid-green-cyan-background-color has-text-color has-background has-small-font-size\"><strong>REMISE EN \u00c9TAT DE VOS LOCAUX<\/strong><\/p>\n<\/div>\n\n\n\n<div class=\"wp-block-column is-vertically-aligned-top is-layout-flow wp-block-column-is-layout-flow\">\n<h3 class=\"has-text-align-center has-vivid-green-cyan-color has-text-color wp-block-heading\">LIEUX D&#8217;INTERVENTION ET SECTEURS D&#8217;ACTIVIT\u00c9<\/h3>\n\n\n\n<ul class=\"wp-block-list\"><li>Commerces et magasins<\/li><li>H\u00f4tels et lieux d&#8217;h\u00e9bergement<\/li><li>Bureaux<\/li><li>Parties communes des immeubles<\/li><li>Maisons et appartements<\/li><li>Chantiers et d\u00e9m\u00e9nagements<\/li><\/ul>\n<\/div>\n<\/div>\n\n\n\n<figure class=\"wp-block-gallery has-nested-images columns-default is-cropped wp-block-gallery-1 is-layout-flex wp-block-gallery-is-layout-flex\">\n<figure class=\"wp-block-image size-large\"><img loading=\"lazy\" decoding=\"async\" width=\"704\" height=\"960\" data-id=\"40\" src=\"http:\/\/broceliande-nettoyage.fr\/wp-content\/uploads\/2022\/04\/278571308_123994176900341_8604003075502843996_n.jpg\" alt=\"\" class=\"wp-image-40\" srcset=\"https:\/\/broceliande-nettoyage.fr\/wp-content\/uploads\/2022\/04\/278571308_123994176900341_8604003075502843996_n.jpg 704w, https:\/\/broceliande-nettoyage.fr\/wp-content\/uploads\/2022\/04\/278571308_123994176900341_8604003075502843996_n-220x300.jpg 220w\" sizes=\"auto, (max-width: 704px) 100vw, 704px\" \/><\/figure>\n\n\n\n<figure class=\"wp-block-image size-large\"><img loading=\"lazy\" decoding=\"async\" width=\"1532\" height=\"2048\" data-id=\"41\" src=\"http:\/\/broceliande-nettoyage.fr\/wp-content\/uploads\/2022\/04\/277795705_124429576847239_2334590278487027055_n.jpg\" alt=\"\" class=\"wp-image-41\" srcset=\"https:\/\/broceliande-nettoyage.fr\/wp-content\/uploads\/2022\/04\/277795705_124429576847239_2334590278487027055_n.jpg 1532w, https:\/\/broceliande-nettoyage.fr\/wp-content\/uploads\/2022\/04\/277795705_124429576847239_2334590278487027055_n-224x300.jpg 224w, https:\/\/broceliande-nettoyage.fr\/wp-content\/uploads\/2022\/04\/277795705_124429576847239_2334590278487027055_n-766x1024.jpg 766w, https:\/\/broceliande-nettoyage.fr\/wp-content\/uploads\/2022\/04\/277795705_124429576847239_2334590278487027055_n-768x1027.jpg 768w, https:\/\/broceliande-nettoyage.fr\/wp-content\/uploads\/2022\/04\/277795705_124429576847239_2334590278487027055_n-1149x1536.jpg 1149w\" sizes=\"auto, (max-width: 1532px) 100vw, 1532px\" \/><\/figure>\n\n\n\n<figure class=\"wp-block-image size-large\"><img loading=\"lazy\" decoding=\"async\" width=\"1440\" height=\"822\" data-id=\"35\" src=\"http:\/\/broceliande-nettoyage.fr\/wp-content\/uploads\/2022\/04\/274093730_106355398654657_7606021680090325707_n.jpg\" alt=\"\" class=\"wp-image-35\" srcset=\"https:\/\/broceliande-nettoyage.fr\/wp-content\/uploads\/2022\/04\/274093730_106355398654657_7606021680090325707_n.jpg 1440w, https:\/\/broceliande-nettoyage.fr\/wp-content\/uploads\/2022\/04\/274093730_106355398654657_7606021680090325707_n-300x171.jpg 300w, https:\/\/broceliande-nettoyage.fr\/wp-content\/uploads\/2022\/04\/274093730_106355398654657_7606021680090325707_n-1024x585.jpg 1024w, https:\/\/broceliande-nettoyage.fr\/wp-content\/uploads\/2022\/04\/274093730_106355398654657_7606021680090325707_n-768x438.jpg 768w\" sizes=\"auto, (max-width: 1440px) 100vw, 1440px\" \/><\/figure>\n\n\n\n<figure class=\"wp-block-image size-large\"><img loading=\"lazy\" decoding=\"async\" width=\"1532\" height=\"2048\" data-id=\"36\" src=\"http:\/\/broceliande-nettoyage.fr\/wp-content\/uploads\/2022\/04\/277779287_124429516847245_3758869435710548451_n.jpg\" alt=\"\" class=\"wp-image-36\" srcset=\"https:\/\/broceliande-nettoyage.fr\/wp-content\/uploads\/2022\/04\/277779287_124429516847245_3758869435710548451_n.jpg 1532w, https:\/\/broceliande-nettoyage.fr\/wp-content\/uploads\/2022\/04\/277779287_124429516847245_3758869435710548451_n-224x300.jpg 224w, https:\/\/broceliande-nettoyage.fr\/wp-content\/uploads\/2022\/04\/277779287_124429516847245_3758869435710548451_n-766x1024.jpg 766w, https:\/\/broceliande-nettoyage.fr\/wp-content\/uploads\/2022\/04\/277779287_124429516847245_3758869435710548451_n-768x1027.jpg 768w, https:\/\/broceliande-nettoyage.fr\/wp-content\/uploads\/2022\/04\/277779287_124429516847245_3758869435710548451_n-1149x1536.jpg 1149w\" sizes=\"auto, (max-width: 1532px) 100vw, 1532px\" \/><\/figure>\n\n\n\n<figure class=\"wp-block-image size-large\"><img loading=\"lazy\" decoding=\"async\" width=\"1532\" height=\"2048\" data-id=\"37\" src=\"http:\/\/broceliande-nettoyage.fr\/wp-content\/uploads\/2022\/04\/277770859_124429586847238_7348952577692071418_n.jpg\" alt=\"\" class=\"wp-image-37\" srcset=\"https:\/\/broceliande-nettoyage.fr\/wp-content\/uploads\/2022\/04\/277770859_124429586847238_7348952577692071418_n.jpg 1532w, https:\/\/broceliande-nettoyage.fr\/wp-content\/uploads\/2022\/04\/277770859_124429586847238_7348952577692071418_n-224x300.jpg 224w, https:\/\/broceliande-nettoyage.fr\/wp-content\/uploads\/2022\/04\/277770859_124429586847238_7348952577692071418_n-766x1024.jpg 766w, https:\/\/broceliande-nettoyage.fr\/wp-content\/uploads\/2022\/04\/277770859_124429586847238_7348952577692071418_n-768x1027.jpg 768w, https:\/\/broceliande-nettoyage.fr\/wp-content\/uploads\/2022\/04\/277770859_124429586847238_7348952577692071418_n-1149x1536.jpg 1149w\" sizes=\"auto, (max-width: 1532px) 100vw, 1532px\" \/><\/figure>\n\n\n\n<figure class=\"wp-block-image size-large\"><img loading=\"lazy\" decoding=\"async\" width=\"2048\" height=\"1532\" data-id=\"38\" src=\"http:\/\/broceliande-nettoyage.fr\/wp-content\/uploads\/2022\/04\/277766943_124430096847187_7997979138171913117_n.jpg\" alt=\"\" class=\"wp-image-38\" srcset=\"https:\/\/broceliande-nettoyage.fr\/wp-content\/uploads\/2022\/04\/277766943_124430096847187_7997979138171913117_n.jpg 2048w, https:\/\/broceliande-nettoyage.fr\/wp-content\/uploads\/2022\/04\/277766943_124430096847187_7997979138171913117_n-300x224.jpg 300w, https:\/\/broceliande-nettoyage.fr\/wp-content\/uploads\/2022\/04\/277766943_124430096847187_7997979138171913117_n-1024x766.jpg 1024w, https:\/\/broceliande-nettoyage.fr\/wp-content\/uploads\/2022\/04\/277766943_124430096847187_7997979138171913117_n-768x575.jpg 768w, https:\/\/broceliande-nettoyage.fr\/wp-content\/uploads\/2022\/04\/277766943_124430096847187_7997979138171913117_n-1536x1149.jpg 1536w\" sizes=\"auto, (max-width: 2048px) 100vw, 2048px\" \/><\/figure>\n\n\n\n<figure class=\"wp-block-image size-large\"><img loading=\"lazy\" decoding=\"async\" width=\"1532\" height=\"2048\" data-id=\"39\" src=\"http:\/\/broceliande-nettoyage.fr\/wp-content\/uploads\/2022\/04\/277743251_124430106847186_7246517559640993763_n.jpg\" alt=\"\" class=\"wp-image-39\" srcset=\"https:\/\/broceliande-nettoyage.fr\/wp-content\/uploads\/2022\/04\/277743251_124430106847186_7246517559640993763_n.jpg 1532w, https:\/\/broceliande-nettoyage.fr\/wp-content\/uploads\/2022\/04\/277743251_124430106847186_7246517559640993763_n-224x300.jpg 224w, https:\/\/broceliande-nettoyage.fr\/wp-content\/uploads\/2022\/04\/277743251_124430106847186_7246517559640993763_n-766x1024.jpg 766w, https:\/\/broceliande-nettoyage.fr\/wp-content\/uploads\/2022\/04\/277743251_124430106847186_7246517559640993763_n-768x1027.jpg 768w, https:\/\/broceliande-nettoyage.fr\/wp-content\/uploads\/2022\/04\/277743251_124430106847186_7246517559640993763_n-1149x1536.jpg 1149w\" sizes=\"auto, (max-width: 1532px) 100vw, 1532px\" \/><\/figure>\n\n\n\n<figure class=\"wp-block-image size-large\"><img loading=\"lazy\" decoding=\"async\" width=\"704\" height=\"960\" data-id=\"34\" src=\"http:\/\/broceliande-nettoyage.fr\/wp-content\/uploads\/2022\/04\/276134824_123994150233677_404924300890609889_n.jpg\" alt=\"\" class=\"wp-image-34\" srcset=\"https:\/\/broceliande-nettoyage.fr\/wp-content\/uploads\/2022\/04\/276134824_123994150233677_404924300890609889_n.jpg 704w, https:\/\/broceliande-nettoyage.fr\/wp-content\/uploads\/2022\/04\/276134824_123994150233677_404924300890609889_n-220x300.jpg 220w\" sizes=\"auto, (max-width: 704px) 100vw, 704px\" \/><\/figure>\n<\/figure>\n","protected":false},"excerpt":{"rendered":"<p>Besoin des services d&#8217;une soci\u00e9t\u00e9 de nettoyage ? Faites appel \u00e0 un SP\u00c9CIALISTE de l&#8217;hygi\u00e8ne des locaux UNE ENTREPRISE LOCALE [&hellip;]<\/p>\n","protected":false},"author":1,"featured_media":0,"parent":0,"menu_order":0,"comment_status":"closed","ping_status":"closed","template":"template-full-width.php","meta":{"footnotes":""},"class_list":["post-5","page","type-page","status-publish","hentry"],"yoast_head":"<!-- This site is optimized with the Yoast SEO plugin v27.4 - https:\/\/yoast.com\/product\/yoast-seo-wordpress\/ -->\n<title>Broc\u00e9liande Nettoyage - votre sp\u00e9cialiste de l&#039;hygi\u00e8ne des locaux<\/title>\n<meta name=\"description\" content=\"Broc\u00e9liande Nettoyage, entreprise de nettoyage dans le Morbihan est votre votre sp\u00e9cialiste de l&#039;hygi\u00e8ne des locaux, \u00e0 proximit\u00e9 de Plo\u00ebrmel, Augan, Guer, Vannes. Nettoyage vitrerie , volets, d\u00e9capage des sols, Shampoinage de moquette, m\u00e9tallisation de sol plastique (vitrification de vos sols pvc).D\u00e9capage terrasse, murets, abris de piscine, vitrerie ext\u00e9rieure ,s\u00e9capage de carrelage.Remise en \u00e9tat logement - Entretien de locaux - Nettoyage de fin chantier - Lavage haute pression.Vide maisons \/ d\u00e9barrasDestruction d&#039;archives. 06.74.28.10.58\" \/>\n<meta name=\"robots\" content=\"index, follow, max-snippet:-1, max-image-preview:large, max-video-preview:-1\" \/>\n<link rel=\"canonical\" href=\"http:\/\/broceliande-nettoyage.fr\/\" \/>\n<meta property=\"og:locale\" content=\"en_US\" \/>\n<meta property=\"og:type\" content=\"article\" \/>\n<meta property=\"og:title\" content=\"Broc\u00e9liande Nettoyage - Votre sp\u00e9cialiste de l&#039;hygi\u00e8ne des locaux\" \/>\n<meta property=\"og:description\" content=\"Broc\u00e9liande Nettoyage, entreprise de nettoyage dans le Morbihan est votre votre sp\u00e9cialiste de l&#039;hygi\u00e8ne des locaux, \u00e0 proximit\u00e9 de Plo\u00ebrmel, Augan, Guer, Vannes. Nettoyage vitrerie , volets, d\u00e9capage des sols, Shampoinage de moquette, m\u00e9tallisation de sol plastique (vitrification de vos sols pvc).D\u00e9capage terrasse, murets, abris de piscine, vitrerie ext\u00e9rieure ,s\u00e9capage de carrelage.Remise en \u00e9tat logement - Entretien de locaux - Nettoyage de fin chantier - Lavage haute pression.Vide maisons \/ d\u00e9barrasDestruction d&#039;archives\" \/>\n<meta property=\"og:url\" content=\"http:\/\/broceliande-nettoyage.fr\/\" \/>\n<meta property=\"og:site_name\" content=\"Broc\u00e9liande Nettoyage\" \/>\n<meta property=\"article:publisher\" content=\"https:\/\/www.facebook.com\/people\/Broc%c3%a9liande-Nettoyage\/100078692773981\/\" \/>\n<meta property=\"article:modified_time\" content=\"2022-04-22T09:00:26+00:00\" \/>\n<meta property=\"og:image\" content=\"http:\/\/broceliande-nettoyage.fr\/wp-content\/uploads\/2022\/04\/logo.png\" \/>\n\t<meta property=\"og:image:width\" content=\"545\" \/>\n\t<meta property=\"og:image:height\" content=\"561\" \/>\n\t<meta property=\"og:image:type\" content=\"image\/png\" \/>\n<meta name=\"twitter:card\" content=\"summary_large_image\" \/>\n<meta name=\"twitter:label1\" content=\"Est. reading time\" \/>\n\t<meta name=\"twitter:data1\" content=\"3 minutes\" \/>\n<script type=\"application\/ld+json\" class=\"yoast-schema-graph\">{\"@context\":\"https:\\\/\\\/schema.org\",\"@graph\":[{\"@type\":\"WebPage\",\"@id\":\"http:\\\/\\\/broceliande-nettoyage.fr\\\/\",\"url\":\"http:\\\/\\\/broceliande-nettoyage.fr\\\/\",\"name\":\"Broc\u00e9liande Nettoyage - votre sp\u00e9cialiste de l'hygi\u00e8ne des locaux\",\"isPartOf\":{\"@id\":\"http:\\\/\\\/broceliande-nettoyage.fr\\\/#website\"},\"primaryImageOfPage\":{\"@id\":\"http:\\\/\\\/broceliande-nettoyage.fr\\\/#primaryimage\"},\"image\":{\"@id\":\"http:\\\/\\\/broceliande-nettoyage.fr\\\/#primaryimage\"},\"thumbnailUrl\":\"http:\\\/\\\/broceliande-nettoyage.fr\\\/wp-content\\\/uploads\\\/2022\\\/04\\\/278571308_123994176900341_8604003075502843996_n.jpg\",\"datePublished\":\"2022-04-08T08:48:46+00:00\",\"dateModified\":\"2022-04-22T09:00:26+00:00\",\"description\":\"Broc\u00e9liande Nettoyage, entreprise de nettoyage dans le Morbihan est votre votre sp\u00e9cialiste de l'hygi\u00e8ne des locaux, \u00e0 proximit\u00e9 de Plo\u00ebrmel, Augan, Guer, Vannes. Nettoyage vitrerie , volets, d\u00e9capage des sols, Shampoinage de moquette, m\u00e9tallisation de sol plastique (vitrification de vos sols pvc).D\u00e9capage terrasse, murets, abris de piscine, vitrerie ext\u00e9rieure ,s\u00e9capage de carrelage.Remise en \u00e9tat logement - Entretien de locaux - Nettoyage de fin chantier - Lavage haute pression.Vide maisons \\\/ d\u00e9barrasDestruction d'archives. 06.74.28.10.58\",\"inLanguage\":\"en-US\",\"potentialAction\":[{\"@type\":\"ReadAction\",\"target\":[\"http:\\\/\\\/broceliande-nettoyage.fr\\\/\"]}]},{\"@type\":\"ImageObject\",\"inLanguage\":\"en-US\",\"@id\":\"http:\\\/\\\/broceliande-nettoyage.fr\\\/#primaryimage\",\"url\":\"https:\\\/\\\/broceliande-nettoyage.fr\\\/wp-content\\\/uploads\\\/2022\\\/04\\\/278571308_123994176900341_8604003075502843996_n.jpg\",\"contentUrl\":\"https:\\\/\\\/broceliande-nettoyage.fr\\\/wp-content\\\/uploads\\\/2022\\\/04\\\/278571308_123994176900341_8604003075502843996_n.jpg\",\"width\":704,\"height\":960},{\"@type\":\"WebSite\",\"@id\":\"http:\\\/\\\/broceliande-nettoyage.fr\\\/#website\",\"url\":\"http:\\\/\\\/broceliande-nettoyage.fr\\\/\",\"name\":\"Broc\u00e9liande Nettoyage\",\"description\":\"Votre sp\u00e9cialiste de l&#039;hygi\u00e8ne des locaux\",\"publisher\":{\"@id\":\"http:\\\/\\\/broceliande-nettoyage.fr\\\/#organization\"},\"potentialAction\":[{\"@type\":\"SearchAction\",\"target\":{\"@type\":\"EntryPoint\",\"urlTemplate\":\"http:\\\/\\\/broceliande-nettoyage.fr\\\/?s={search_term_string}\"},\"query-input\":{\"@type\":\"PropertyValueSpecification\",\"valueRequired\":true,\"valueName\":\"search_term_string\"}}],\"inLanguage\":\"en-US\"},{\"@type\":\"Organization\",\"@id\":\"http:\\\/\\\/broceliande-nettoyage.fr\\\/#organization\",\"name\":\"BROCELIANDE NETTOYAGE\",\"url\":\"http:\\\/\\\/broceliande-nettoyage.fr\\\/\",\"logo\":{\"@type\":\"ImageObject\",\"inLanguage\":\"en-US\",\"@id\":\"http:\\\/\\\/broceliande-nettoyage.fr\\\/#\\\/schema\\\/logo\\\/image\\\/\",\"url\":\"https:\\\/\\\/broceliande-nettoyage.fr\\\/wp-content\\\/uploads\\\/2022\\\/04\\\/logo.png\",\"contentUrl\":\"https:\\\/\\\/broceliande-nettoyage.fr\\\/wp-content\\\/uploads\\\/2022\\\/04\\\/logo.png\",\"width\":545,\"height\":561,\"caption\":\"BROCELIANDE NETTOYAGE\"},\"image\":{\"@id\":\"http:\\\/\\\/broceliande-nettoyage.fr\\\/#\\\/schema\\\/logo\\\/image\\\/\"},\"sameAs\":[\"https:\\\/\\\/www.facebook.com\\\/people\\\/Broc\u00e9liande-Nettoyage\\\/100078692773981\\\/\"]}]}<\/script>\n<!-- \/ Yoast SEO plugin. -->","yoast_head_json":{"title":"Broc\u00e9liande Nettoyage - votre sp\u00e9cialiste de l'hygi\u00e8ne des locaux","description":"Broc\u00e9liande Nettoyage, entreprise de nettoyage dans le Morbihan est votre votre sp\u00e9cialiste de l'hygi\u00e8ne des locaux, \u00e0 proximit\u00e9 de Plo\u00ebrmel, Augan, Guer, Vannes. Nettoyage vitrerie , volets, d\u00e9capage des sols, Shampoinage de moquette, m\u00e9tallisation de sol plastique (vitrification de vos sols pvc).D\u00e9capage terrasse, murets, abris de piscine, vitrerie ext\u00e9rieure ,s\u00e9capage de carrelage.Remise en \u00e9tat logement - Entretien de locaux - Nettoyage de fin chantier - Lavage haute pression.Vide maisons \/ d\u00e9barrasDestruction d'archives. 06.74.28.10.58","robots":{"index":"index","follow":"follow","max-snippet":"max-snippet:-1","max-image-preview":"max-image-preview:large","max-video-preview":"max-video-preview:-1"},"canonical":"http:\/\/broceliande-nettoyage.fr\/","og_locale":"en_US","og_type":"article","og_title":"Broc\u00e9liande Nettoyage - Votre sp\u00e9cialiste de l'hygi\u00e8ne des locaux","og_description":"Broc\u00e9liande Nettoyage, entreprise de nettoyage dans le Morbihan est votre votre sp\u00e9cialiste de l'hygi\u00e8ne des locaux, \u00e0 proximit\u00e9 de Plo\u00ebrmel, Augan, Guer, Vannes. Nettoyage vitrerie , volets, d\u00e9capage des sols, Shampoinage de moquette, m\u00e9tallisation de sol plastique (vitrification de vos sols pvc).D\u00e9capage terrasse, murets, abris de piscine, vitrerie ext\u00e9rieure ,s\u00e9capage de carrelage.Remise en \u00e9tat logement - Entretien de locaux - Nettoyage de fin chantier - Lavage haute pression.Vide maisons \/ d\u00e9barrasDestruction d'archives","og_url":"http:\/\/broceliande-nettoyage.fr\/","og_site_name":"Broc\u00e9liande Nettoyage","article_publisher":"https:\/\/www.facebook.com\/people\/Broc%c3%a9liande-Nettoyage\/100078692773981\/","article_modified_time":"2022-04-22T09:00:26+00:00","og_image":[{"width":545,"height":561,"url":"http:\/\/broceliande-nettoyage.fr\/wp-content\/uploads\/2022\/04\/logo.png","type":"image\/png"}],"twitter_card":"summary_large_image","twitter_misc":{"Est. reading time":"3 minutes"},"schema":{"@context":"https:\/\/schema.org","@graph":[{"@type":"WebPage","@id":"http:\/\/broceliande-nettoyage.fr\/","url":"http:\/\/broceliande-nettoyage.fr\/","name":"Broc\u00e9liande Nettoyage - votre sp\u00e9cialiste de l'hygi\u00e8ne des locaux","isPartOf":{"@id":"http:\/\/broceliande-nettoyage.fr\/#website"},"primaryImageOfPage":{"@id":"http:\/\/broceliande-nettoyage.fr\/#primaryimage"},"image":{"@id":"http:\/\/broceliande-nettoyage.fr\/#primaryimage"},"thumbnailUrl":"http:\/\/broceliande-nettoyage.fr\/wp-content\/uploads\/2022\/04\/278571308_123994176900341_8604003075502843996_n.jpg","datePublished":"2022-04-08T08:48:46+00:00","dateModified":"2022-04-22T09:00:26+00:00","description":"Broc\u00e9liande Nettoyage, entreprise de nettoyage dans le Morbihan est votre votre sp\u00e9cialiste de l'hygi\u00e8ne des locaux, \u00e0 proximit\u00e9 de Plo\u00ebrmel, Augan, Guer, Vannes. Nettoyage vitrerie , volets, d\u00e9capage des sols, Shampoinage de moquette, m\u00e9tallisation de sol plastique (vitrification de vos sols pvc).D\u00e9capage terrasse, murets, abris de piscine, vitrerie ext\u00e9rieure ,s\u00e9capage de carrelage.Remise en \u00e9tat logement - Entretien de locaux - Nettoyage de fin chantier - Lavage haute pression.Vide maisons \/ d\u00e9barrasDestruction d'archives. 06.74.28.10.58","inLanguage":"en-US","potentialAction":[{"@type":"ReadAction","target":["http:\/\/broceliande-nettoyage.fr\/"]}]},{"@type":"ImageObject","inLanguage":"en-US","@id":"http:\/\/broceliande-nettoyage.fr\/#primaryimage","url":"https:\/\/broceliande-nettoyage.fr\/wp-content\/uploads\/2022\/04\/278571308_123994176900341_8604003075502843996_n.jpg","contentUrl":"https:\/\/broceliande-nettoyage.fr\/wp-content\/uploads\/2022\/04\/278571308_123994176900341_8604003075502843996_n.jpg","width":704,"height":960},{"@type":"WebSite","@id":"http:\/\/broceliande-nettoyage.fr\/#website","url":"http:\/\/broceliande-nettoyage.fr\/","name":"Broc\u00e9liande Nettoyage","description":"Votre sp\u00e9cialiste de l&#039;hygi\u00e8ne des locaux","publisher":{"@id":"http:\/\/broceliande-nettoyage.fr\/#organization"},"potentialAction":[{"@type":"SearchAction","target":{"@type":"EntryPoint","urlTemplate":"http:\/\/broceliande-nettoyage.fr\/?s={search_term_string}"},"query-input":{"@type":"PropertyValueSpecification","valueRequired":true,"valueName":"search_term_string"}}],"inLanguage":"en-US"},{"@type":"Organization","@id":"http:\/\/broceliande-nettoyage.fr\/#organization","name":"BROCELIANDE NETTOYAGE","url":"http:\/\/broceliande-nettoyage.fr\/","logo":{"@type":"ImageObject","inLanguage":"en-US","@id":"http:\/\/broceliande-nettoyage.fr\/#\/schema\/logo\/image\/","url":"https:\/\/broceliande-nettoyage.fr\/wp-content\/uploads\/2022\/04\/logo.png","contentUrl":"https:\/\/broceliande-nettoyage.fr\/wp-content\/uploads\/2022\/04\/logo.png","width":545,"height":561,"caption":"BROCELIANDE NETTOYAGE"},"image":{"@id":"http:\/\/broceliande-nettoyage.fr\/#\/schema\/logo\/image\/"},"sameAs":["https:\/\/www.facebook.com\/people\/Broc\u00e9liande-Nettoyage\/100078692773981\/"]}]}},"_links":{"self":[{"href":"https:\/\/broceliande-nettoyage.fr\/index.php?rest_route=\/wp\/v2\/pages\/5","targetHints":{"allow":["GET"]}}],"collection":[{"href":"https:\/\/broceliande-nettoyage.fr\/index.php?rest_route=\/wp\/v2\/pages"}],"about":[{"href":"https:\/\/broceliande-nettoyage.fr\/index.php?rest_route=\/wp\/v2\/types\/page"}],"author":[{"embeddable":true,"href":"https:\/\/broceliande-nettoyage.fr\/index.php?rest_route=\/wp\/v2\/users\/1"}],"replies":[{"embeddable":true,"href":"https:\/\/broceliande-nettoyage.fr\/index.php?rest_route=%2Fwp%2Fv2%2Fcomments&post=5"}],"version-history":[{"count":8,"href":"https:\/\/broceliande-nettoyage.fr\/index.php?rest_route=\/wp\/v2\/pages\/5\/revisions"}],"predecessor-version":[{"id":82,"href":"https:\/\/broceliande-nettoyage.fr\/index.php?rest_route=\/wp\/v2\/pages\/5\/revisions\/82"}],"wp:attachment":[{"href":"https:\/\/broceliande-nettoyage.fr\/index.php?rest_route=%2Fwp%2Fv2%2Fmedia&parent=5"}],"curies":[{"name":"wp","href":"https:\/\/api.w.org\/{rel}","templated":true}]}}